{"id":947,"date":"2018-09-19T11:40:05","date_gmt":"2018-09-19T11:40:05","guid":{"rendered":"https:\/\/anetaholla.eu\/?page_id=947"},"modified":"2026-04-23T09:26:25","modified_gmt":"2026-04-23T09:26:25","slug":"bohema","status":"publish","type":"page","link":"https:\/\/anetaholla.eu\/index.php\/fotogalerie\/bohema\/","title":{"rendered":"Boh\u00e9ma"},"content":{"rendered":"\t\t<div data-elementor-type=\"wp-post\" data-elementor-id=\"947\" class=\"elementor elementor-947\" data-elementor-post-type=\"page\">\n\t\t\t\t\t\t<section class=\"elementor-section elementor-top-section elementor-element elementor-element-2465ef1d elementor-section-content-middle elementor-section-boxed elementor-section-height-default elementor-section-height-default\" data-id=\"2465ef1d\" data-element_type=\"section\" data-e-type=\"section\" data-settings=\"{&quot;background_background&quot;:&quot;classic&quot;}\">\n\t\t\t\t\t\t<div class=\"elementor-container elementor-column-gap-no\">\n\t\t\t\t\t<div class=\"elementor-column elementor-col-100 elementor-top-column elementor-element elementor-element-3221eca7\" data-id=\"3221eca7\" data-element_type=\"column\" data-e-type=\"column\">\n\t\t\t<div class=\"elementor-widget-wrap elementor-element-populated\">\n\t\t\t\t\t\t<div class=\"elementor-element elementor-element-2125664 elementor-widget elementor-widget-image-gallery\" data-id=\"2125664\" data-element_type=\"widget\" data-e-type=\"widget\" data-widget_type=\"image-gallery.default\">\n\t\t\t\t<div class=\"elementor-widget-container\">\n\t\t\t\t\t\t\t<div class=\"elementor-image-gallery\">\n\t\t\t<div id='gallery-1' class='gallery galleryid-947 gallery-columns-1 gallery-size-full'><figure class='gallery-item'>\n\t\t\t<div class='gallery-icon portrait'>\n\t\t\t\t<a data-elementor-open-lightbox=\"yes\" data-elementor-lightbox-slideshow=\"2125664\" data-elementor-lightbox-title=\"Boh\u00e9ma-2-photo-by-JOSEPH-MAR\u010cINSK\u00dd-(67)\" data-e-action-hash=\"#elementor-action%3Aaction%3Dlightbox%26settings%3DeyJpZCI6NjA0LCJ1cmwiOiJodHRwczpcL1wvYW5ldGFob2xsYS5ldVwvd3AtY29udGVudFwvdXBsb2Fkc1wvMjAxOFwvMDdcL0JvaFx1MDBlOW1hLTItcGhvdG8tYnktSk9TRVBILU1BUlx1MDEwY0lOU0tcdTAwZGQtNjcuanBnIiwic2xpZGVzaG93IjoiMjEyNTY2NCJ9\" href='https:\/\/anetaholla.eu\/wp-content\/uploads\/2018\/07\/Boh\u00e9ma-2-photo-by-JOSEPH-MAR\u010cINSK\u00dd-67.jpg'><img fetchpriority=\"high\" decoding=\"async\" width=\"1391\" height=\"1980\" src=\"https:\/\/anetaholla.eu\/wp-content\/uploads\/2018\/07\/Boh\u00e9ma-2-photo-by-JOSEPH-MAR\u010cINSK\u00dd-67.jpg\" class=\"attachment-full size-full\" alt=\"\" srcset=\"https:\/\/anetaholla.eu\/wp-content\/uploads\/2018\/07\/Boh\u00e9ma-2-photo-by-JOSEPH-MAR\u010cINSK\u00dd-67.jpg 1391w, https:\/\/anetaholla.eu\/wp-content\/uploads\/2018\/07\/Boh\u00e9ma-2-photo-by-JOSEPH-MAR\u010cINSK\u00dd-67-211x300.jpg 211w, https:\/\/anetaholla.eu\/wp-content\/uploads\/2018\/07\/Boh\u00e9ma-2-photo-by-JOSEPH-MAR\u010cINSK\u00dd-67-768x1093.jpg 768w, https:\/\/anetaholla.eu\/wp-content\/uploads\/2018\/07\/Boh\u00e9ma-2-photo-by-JOSEPH-MAR\u010cINSK\u00dd-67-719x1024.jpg 719w\" sizes=\"(max-width: 1391px) 100vw, 1391px\" \/><\/a>\n\t\t\t<\/div><\/figure><figure class='gallery-item'>\n\t\t\t<div class='gallery-icon landscape'>\n\t\t\t\t<a data-elementor-open-lightbox=\"yes\" data-elementor-lightbox-slideshow=\"2125664\" data-elementor-lightbox-title=\"Boh\u00e9ma-2-photo-by-JOSEPH-MAR\u010cINSK\u00dd-(66)\" data-e-action-hash=\"#elementor-action%3Aaction%3Dlightbox%26settings%3DeyJpZCI6NjAzLCJ1cmwiOiJodHRwczpcL1wvYW5ldGFob2xsYS5ldVwvd3AtY29udGVudFwvdXBsb2Fkc1wvMjAxOFwvMDdcL0JvaFx1MDBlOW1hLTItcGhvdG8tYnktSk9TRVBILU1BUlx1MDEwY0lOU0tcdTAwZGQtNjYtMS5qcGciLCJzbGlkZXNob3ciOiIyMTI1NjY0In0%3D\" href='https:\/\/anetaholla.eu\/wp-content\/uploads\/2018\/07\/Boh\u00e9ma-2-photo-by-JOSEPH-MAR\u010cINSK\u00dd-66-1.jpg'><img decoding=\"async\" width=\"2000\" height=\"1372\" src=\"https:\/\/anetaholla.eu\/wp-content\/uploads\/2018\/07\/Boh\u00e9ma-2-photo-by-JOSEPH-MAR\u010cINSK\u00dd-66-1.jpg\" class=\"attachment-full size-full\" alt=\"\" srcset=\"https:\/\/anetaholla.eu\/wp-content\/uploads\/2018\/07\/Boh\u00e9ma-2-photo-by-JOSEPH-MAR\u010cINSK\u00dd-66-1.jpg 2000w, https:\/\/anetaholla.eu\/wp-content\/uploads\/2018\/07\/Boh\u00e9ma-2-photo-by-JOSEPH-MAR\u010cINSK\u00dd-66-1-300x206.jpg 300w, https:\/\/anetaholla.eu\/wp-content\/uploads\/2018\/07\/Boh\u00e9ma-2-photo-by-JOSEPH-MAR\u010cINSK\u00dd-66-1-768x527.jpg 768w, https:\/\/anetaholla.eu\/wp-content\/uploads\/2018\/07\/Boh\u00e9ma-2-photo-by-JOSEPH-MAR\u010cINSK\u00dd-66-1-1024x702.jpg 1024w\" sizes=\"(max-width: 2000px) 100vw, 2000px\" \/><\/a>\n\t\t\t<\/div><\/figure><figure class='gallery-item'>\n\t\t\t<div class='gallery-icon landscape'>\n\t\t\t\t<a data-elementor-open-lightbox=\"yes\" data-elementor-lightbox-slideshow=\"2125664\" data-elementor-lightbox-title=\"Boh\u00e9ma-2-photo-by-JOSEPH-MAR\u010cINSK\u00dd-(71)\" data-e-action-hash=\"#elementor-action%3Aaction%3Dlightbox%26settings%3DeyJpZCI6NjA1LCJ1cmwiOiJodHRwczpcL1wvYW5ldGFob2xsYS5ldVwvd3AtY29udGVudFwvdXBsb2Fkc1wvMjAxOFwvMDdcL0JvaFx1MDBlOW1hLTItcGhvdG8tYnktSk9TRVBILU1BUlx1MDEwY0lOU0tcdTAwZGQtNzEuanBnIiwic2xpZGVzaG93IjoiMjEyNTY2NCJ9\" href='https:\/\/anetaholla.eu\/wp-content\/uploads\/2018\/07\/Boh\u00e9ma-2-photo-by-JOSEPH-MAR\u010cINSK\u00dd-71.jpg'><img decoding=\"async\" width=\"2000\" height=\"1333\" src=\"https:\/\/anetaholla.eu\/wp-content\/uploads\/2018\/07\/Boh\u00e9ma-2-photo-by-JOSEPH-MAR\u010cINSK\u00dd-71.jpg\" class=\"attachment-full size-full\" alt=\"\" srcset=\"https:\/\/anetaholla.eu\/wp-content\/uploads\/2018\/07\/Boh\u00e9ma-2-photo-by-JOSEPH-MAR\u010cINSK\u00dd-71.jpg 2000w, https:\/\/anetaholla.eu\/wp-content\/uploads\/2018\/07\/Boh\u00e9ma-2-photo-by-JOSEPH-MAR\u010cINSK\u00dd-71-300x200.jpg 300w, https:\/\/anetaholla.eu\/wp-content\/uploads\/2018\/07\/Boh\u00e9ma-2-photo-by-JOSEPH-MAR\u010cINSK\u00dd-71-768x512.jpg 768w, https:\/\/anetaholla.eu\/wp-content\/uploads\/2018\/07\/Boh\u00e9ma-2-photo-by-JOSEPH-MAR\u010cINSK\u00dd-71-1024x682.jpg 1024w\" sizes=\"(max-width: 2000px) 100vw, 2000px\" \/><\/a>\n\t\t\t<\/div><\/figure><figure class='gallery-item'>\n\t\t\t<div class='gallery-icon portrait'>\n\t\t\t\t<a data-elementor-open-lightbox=\"yes\" data-elementor-lightbox-slideshow=\"2125664\" data-elementor-lightbox-title=\"Boh\u00e9ma-2-photo-by-JOSEPH-MAR\u010cINSK\u00dd-(31)\" data-e-action-hash=\"#elementor-action%3Aaction%3Dlightbox%26settings%3DeyJpZCI6NjAyLCJ1cmwiOiJodHRwczpcL1wvYW5ldGFob2xsYS5ldVwvd3AtY29udGVudFwvdXBsb2Fkc1wvMjAxOFwvMDdcL0JvaFx1MDBlOW1hLTItcGhvdG8tYnktSk9TRVBILU1BUlx1MDEwY0lOU0tcdTAwZGQtMzEuanBnIiwic2xpZGVzaG93IjoiMjEyNTY2NCJ9\" href='https:\/\/anetaholla.eu\/wp-content\/uploads\/2018\/07\/Boh\u00e9ma-2-photo-by-JOSEPH-MAR\u010cINSK\u00dd-31.jpg'><img loading=\"lazy\" decoding=\"async\" width=\"2000\" height=\"3000\" src=\"https:\/\/anetaholla.eu\/wp-content\/uploads\/2018\/07\/Boh\u00e9ma-2-photo-by-JOSEPH-MAR\u010cINSK\u00dd-31.jpg\" class=\"attachment-full size-full\" alt=\"\" srcset=\"https:\/\/anetaholla.eu\/wp-content\/uploads\/2018\/07\/Boh\u00e9ma-2-photo-by-JOSEPH-MAR\u010cINSK\u00dd-31.jpg 2000w, https:\/\/anetaholla.eu\/wp-content\/uploads\/2018\/07\/Boh\u00e9ma-2-photo-by-JOSEPH-MAR\u010cINSK\u00dd-31-200x300.jpg 200w, https:\/\/anetaholla.eu\/wp-content\/uploads\/2018\/07\/Boh\u00e9ma-2-photo-by-JOSEPH-MAR\u010cINSK\u00dd-31-768x1152.jpg 768w, https:\/\/anetaholla.eu\/wp-content\/uploads\/2018\/07\/Boh\u00e9ma-2-photo-by-JOSEPH-MAR\u010cINSK\u00dd-31-683x1024.jpg 683w\" sizes=\"(max-width: 2000px) 100vw, 2000px\" \/><\/a>\n\t\t\t<\/div><\/figure><figure class='gallery-item'>\n\t\t\t<div class='gallery-icon landscape'>\n\t\t\t\t<a data-elementor-open-lightbox=\"yes\" data-elementor-lightbox-slideshow=\"2125664\" data-elementor-lightbox-title=\"Boh\u00e9ma-2-photo-by-JOSEPH-MAR\u010cINSK\u00dd-(22)\" data-e-action-hash=\"#elementor-action%3Aaction%3Dlightbox%26settings%3DeyJpZCI6NjAxLCJ1cmwiOiJodHRwczpcL1wvYW5ldGFob2xsYS5ldVwvd3AtY29udGVudFwvdXBsb2Fkc1wvMjAxOFwvMDdcL0JvaFx1MDBlOW1hLTItcGhvdG8tYnktSk9TRVBILU1BUlx1MDEwY0lOU0tcdTAwZGQtMjIuanBnIiwic2xpZGVzaG93IjoiMjEyNTY2NCJ9\" href='https:\/\/anetaholla.eu\/wp-content\/uploads\/2018\/07\/Boh\u00e9ma-2-photo-by-JOSEPH-MAR\u010cINSK\u00dd-22.jpg'><img loading=\"lazy\" decoding=\"async\" width=\"2000\" height=\"1334\" src=\"https:\/\/anetaholla.eu\/wp-content\/uploads\/2018\/07\/Boh\u00e9ma-2-photo-by-JOSEPH-MAR\u010cINSK\u00dd-22.jpg\" class=\"attachment-full size-full\" alt=\"\" srcset=\"https:\/\/anetaholla.eu\/wp-content\/uploads\/2018\/07\/Boh\u00e9ma-2-photo-by-JOSEPH-MAR\u010cINSK\u00dd-22.jpg 2000w, https:\/\/anetaholla.eu\/wp-content\/uploads\/2018\/07\/Boh\u00e9ma-2-photo-by-JOSEPH-MAR\u010cINSK\u00dd-22-300x200.jpg 300w, https:\/\/anetaholla.eu\/wp-content\/uploads\/2018\/07\/Boh\u00e9ma-2-photo-by-JOSEPH-MAR\u010cINSK\u00dd-22-768x512.jpg 768w, https:\/\/anetaholla.eu\/wp-content\/uploads\/2018\/07\/Boh\u00e9ma-2-photo-by-JOSEPH-MAR\u010cINSK\u00dd-22-1024x683.jpg 1024w\" sizes=\"(max-width: 2000px) 100vw, 2000px\" \/><\/a>\n\t\t\t<\/div><\/figure>\n\t\t<\/div>\n\t\t<\/div>\n\t\t\t\t\t\t<\/div>\n\t\t\t\t<\/div>\n\t\t\t\t\t<\/div>\n\t\t<\/div>\n\t\t\t\t\t<\/div>\n\t\t<\/section>\n\t\t\t\t<section class=\"elementor-section elementor-top-section elementor-element elementor-element-f7ac375 elementor-section-boxed elementor-section-height-default elementor-section-height-default\" data-id=\"f7ac375\" data-element_type=\"section\" data-e-type=\"section\">\n\t\t\t\t\t\t<div class=\"elementor-container elementor-column-gap-default\">\n\t\t\t\t\t<div class=\"elementor-column elementor-col-100 elementor-top-column elementor-element elementor-element-d9e0df7\" data-id=\"d9e0df7\" data-element_type=\"column\" data-e-type=\"column\">\n\t\t\t<div class=\"elementor-widget-wrap elementor-element-populated\">\n\t\t\t\t\t\t<div class=\"elementor-element elementor-element-95cc357 elementor-widget elementor-widget-template\" data-id=\"95cc357\" data-element_type=\"widget\" data-e-type=\"widget\" data-widget_type=\"template.default\">\n\t\t\t\t<div class=\"elementor-widget-container\">\n\t\t\t\t\t\t\t<div class=\"elementor-template\">\n\t\t\t\t\t<div data-elementor-type=\"section\" data-elementor-id=\"1312\" class=\"elementor elementor-1312\" data-elementor-post-type=\"elementor_library\">\n\t\t\t\t\t<section class=\"elementor-section elementor-top-section elementor-element elementor-element-277aff52 elementor-section-content-middle elementor-section-boxed elementor-section-height-default elementor-section-height-default\" data-id=\"277aff52\" data-element_type=\"section\" data-e-type=\"section\" data-settings=\"{&quot;background_background&quot;:&quot;classic&quot;}\">\n\t\t\t\t\t\t\t<div class=\"elementor-background-overlay\"><\/div>\n\t\t\t\t\t\t\t<div class=\"elementor-container elementor-column-gap-no\">\n\t\t\t\t\t<div class=\"elementor-column elementor-col-33 elementor-top-column elementor-element elementor-element-3836f080\" data-id=\"3836f080\" data-element_type=\"column\" data-e-type=\"column\">\n\t\t\t<div class=\"elementor-widget-wrap elementor-element-populated\">\n\t\t\t\t\t\t<div class=\"elementor-element elementor-element-428fb66e elementor-view-default elementor-position-block-start elementor-mobile-position-block-start elementor-widget elementor-widget-icon-box\" data-id=\"428fb66e\" data-element_type=\"widget\" data-e-type=\"widget\" data-widget_type=\"icon-box.default\">\n\t\t\t\t<div class=\"elementor-widget-container\">\n\t\t\t\t\t\t\t<div class=\"elementor-icon-box-wrapper\">\n\n\t\t\t\t\t\t<div class=\"elementor-icon-box-icon\">\n\t\t\t\t<a href=\"https:\/\/anetaholla.eu\/index.php\/fotogalerie\/\" class=\"elementor-icon elementor-animation-grow\" tabindex=\"-1\" aria-label=\"Fotogal\u00e9rie\">\n\t\t\t\t<i aria-hidden=\"true\" class=\"fas fa-camera\"><\/i>\t\t\t\t<\/a>\n\t\t\t<\/div>\n\t\t\t\n\t\t\t\t\t\t<div class=\"elementor-icon-box-content\">\n\n\t\t\t\t\t\t\t\t\t<h4 class=\"elementor-icon-box-title\">\n\t\t\t\t\t\t<a href=\"https:\/\/anetaholla.eu\/index.php\/fotogalerie\/\" >\n\t\t\t\t\t\t\tFotogal\u00e9rie\t\t\t\t\t\t<\/a>\n\t\t\t\t\t<\/h4>\n\t\t\t\t\n\t\t\t\t\n\t\t\t<\/div>\n\t\t\t\n\t\t<\/div>\n\t\t\t\t\t\t<\/div>\n\t\t\t\t<\/div>\n\t\t\t\t\t<\/div>\n\t\t<\/div>\n\t\t\t\t<div class=\"elementor-column elementor-col-33 elementor-top-column elementor-element elementor-element-171038b8\" data-id=\"171038b8\" data-element_type=\"column\" data-e-type=\"column\">\n\t\t\t<div class=\"elementor-widget-wrap elementor-element-populated\">\n\t\t\t\t\t\t<div class=\"elementor-element elementor-element-2c290863 elementor-view-default elementor-position-block-start elementor-mobile-position-block-start elementor-widget elementor-widget-icon-box\" data-id=\"2c290863\" data-element_type=\"widget\" data-e-type=\"widget\" data-widget_type=\"icon-box.default\">\n\t\t\t\t<div class=\"elementor-widget-container\">\n\t\t\t\t\t\t\t<div class=\"elementor-icon-box-wrapper\">\n\n\t\t\t\t\t\t<div class=\"elementor-icon-box-icon\">\n\t\t\t\t<a href=\"https:\/\/anetaholla.eu\/index.php\/audio-video\/\" class=\"elementor-icon elementor-animation-grow\" tabindex=\"-1\" aria-label=\"Audio\/Video\">\n\t\t\t\t<i aria-hidden=\"true\" class=\"fas fa-video\"><\/i>\t\t\t\t<\/a>\n\t\t\t<\/div>\n\t\t\t\n\t\t\t\t\t\t<div class=\"elementor-icon-box-content\">\n\n\t\t\t\t\t\t\t\t\t<h4 class=\"elementor-icon-box-title\">\n\t\t\t\t\t\t<a href=\"https:\/\/anetaholla.eu\/index.php\/audio-video\/\" >\n\t\t\t\t\t\t\tAudio\/Video\t\t\t\t\t\t<\/a>\n\t\t\t\t\t<\/h4>\n\t\t\t\t\n\t\t\t\t\n\t\t\t<\/div>\n\t\t\t\n\t\t<\/div>\n\t\t\t\t\t\t<\/div>\n\t\t\t\t<\/div>\n\t\t\t\t\t<\/div>\n\t\t<\/div>\n\t\t\t\t<div class=\"elementor-column elementor-col-33 elementor-top-column elementor-element elementor-element-72281f51\" data-id=\"72281f51\" data-element_type=\"column\" data-e-type=\"column\">\n\t\t\t<div class=\"elementor-widget-wrap elementor-element-populated\">\n\t\t\t\t\t\t<div class=\"elementor-element elementor-element-21320e08 elementor-view-default elementor-position-block-start elementor-mobile-position-block-start elementor-widget elementor-widget-icon-box\" data-id=\"21320e08\" data-element_type=\"widget\" data-e-type=\"widget\" data-widget_type=\"icon-box.default\">\n\t\t\t\t<div class=\"elementor-widget-container\">\n\t\t\t\t\t\t\t<div class=\"elementor-icon-box-wrapper\">\n\n\t\t\t\t\t\t<div class=\"elementor-icon-box-icon\">\n\t\t\t\t<a href=\"https:\/\/anetaholla.eu\/index.php\/repertoar\/\" class=\"elementor-icon elementor-animation-grow\" tabindex=\"-1\" aria-label=\"Reperto\u00e1r\">\n\t\t\t\t<i aria-hidden=\"true\" class=\"fas fa-volume-up\"><\/i>\t\t\t\t<\/a>\n\t\t\t<\/div>\n\t\t\t\n\t\t\t\t\t\t<div class=\"elementor-icon-box-content\">\n\n\t\t\t\t\t\t\t\t\t<h4 class=\"elementor-icon-box-title\">\n\t\t\t\t\t\t<a href=\"https:\/\/anetaholla.eu\/index.php\/repertoar\/\" >\n\t\t\t\t\t\t\tReperto\u00e1r\t\t\t\t\t\t<\/a>\n\t\t\t\t\t<\/h4>\n\t\t\t\t\n\t\t\t\t\n\t\t\t<\/div>\n\t\t\t\n\t\t<\/div>\n\t\t\t\t\t\t<\/div>\n\t\t\t\t<\/div>\n\t\t\t\t\t<\/div>\n\t\t<\/div>\n\t\t\t\t\t<\/div>\n\t\t<\/section>\n\t\t\t\t<\/div>\n\t\t\t\t<\/div>\n\t\t\t\t\t\t<\/div>\n\t\t\t\t<\/div>\n\t\t\t\t\t<\/div>\n\t\t<\/div>\n\t\t\t\t\t<\/div>\n\t\t<\/section>\n\t\t\t\t<\/div>\n\t\t","protected":false},"excerpt":{"rendered":"","protected":false},"author":3,"featured_media":0,"parent":296,"menu_order":0,"comment_status":"closed","ping_status":"closed","template":"elementor_header_footer","meta":{"h5ap_radio_sources":[],"footnotes":""},"class_list":["post-947","page","type-page","status-publish","hentry","entry"],"_links":{"self":[{"href":"https:\/\/anetaholla.eu\/index.php\/wp-json\/wp\/v2\/pages\/947","targetHints":{"allow":["GET"]}}],"collection":[{"href":"https:\/\/anetaholla.eu\/index.php\/wp-json\/wp\/v2\/pages"}],"about":[{"href":"https:\/\/anetaholla.eu\/index.php\/wp-json\/wp\/v2\/types\/page"}],"author":[{"embeddable":true,"href":"https:\/\/anetaholla.eu\/index.php\/wp-json\/wp\/v2\/users\/3"}],"replies":[{"embeddable":true,"href":"https:\/\/anetaholla.eu\/index.php\/wp-json\/wp\/v2\/comments?post=947"}],"version-history":[{"count":8,"href":"https:\/\/anetaholla.eu\/index.php\/wp-json\/wp\/v2\/pages\/947\/revisions"}],"predecessor-version":[{"id":1329,"href":"https:\/\/anetaholla.eu\/index.php\/wp-json\/wp\/v2\/pages\/947\/revisions\/1329"}],"up":[{"embeddable":true,"href":"https:\/\/anetaholla.eu\/index.php\/wp-json\/wp\/v2\/pages\/296"}],"wp:attachment":[{"href":"https:\/\/anetaholla.eu\/index.php\/wp-json\/wp\/v2\/media?parent=947"}],"curies":[{"name":"wp","href":"https:\/\/api.w.org\/{rel}","templated":true}]}}