{"id":298,"date":"2018-06-19T18:24:11","date_gmt":"2018-06-19T18:24:11","guid":{"rendered":"https:\/\/anetaholla.eu\/?page_id=298"},"modified":"2024-10-29T23:40:40","modified_gmt":"2024-10-29T23:40:40","slug":"repertoar","status":"publish","type":"page","link":"https:\/\/anetaholla.eu\/index.php\/repertoar\/","title":{"rendered":"Reperto\u00e1r"},"content":{"rendered":"\t\t<div data-elementor-type=\"wp-post\" data-elementor-id=\"298\" class=\"elementor elementor-298\" data-elementor-post-type=\"page\">\n\t\t\t\t\t\t<section class=\"elementor-section elementor-top-section elementor-element elementor-element-29f176fc elementor-section-boxed elementor-section-height-default elementor-section-height-default\" data-id=\"29f176fc\" data-element_type=\"section\" data-e-type=\"section\" data-settings=\"{&quot;background_background&quot;:&quot;classic&quot;}\">\n\t\t\t\t\t\t<div class=\"elementor-container elementor-column-gap-default\">\n\t\t\t\t\t<div class=\"elementor-column elementor-col-100 elementor-top-column elementor-element elementor-element-3270fc63\" data-id=\"3270fc63\" data-element_type=\"column\" data-e-type=\"column\">\n\t\t\t<div class=\"elementor-widget-wrap\">\n\t\t\t\t\t\t\t<\/div>\n\t\t<\/div>\n\t\t\t\t\t<\/div>\n\t\t<\/section>\n\t\t\t\t<section class=\"elementor-section elementor-top-section elementor-element elementor-element-1cc8f61 elementor-section-boxed elementor-section-height-default elementor-section-height-default\" data-id=\"1cc8f61\" data-element_type=\"section\" data-e-type=\"section\" data-settings=\"{&quot;background_background&quot;:&quot;classic&quot;}\">\n\t\t\t\t\t\t<div class=\"elementor-container elementor-column-gap-default\">\n\t\t\t\t\t<div class=\"elementor-column elementor-col-100 elementor-top-column elementor-element elementor-element-cd99793\" data-id=\"cd99793\" data-element_type=\"column\" data-e-type=\"column\">\n\t\t\t<div class=\"elementor-widget-wrap elementor-element-populated\">\n\t\t\t\t\t\t<div class=\"elementor-element elementor-element-be9c6c4 elementor-widget elementor-widget-spacer\" data-id=\"be9c6c4\" data-element_type=\"widget\" data-e-type=\"widget\" data-widget_type=\"spacer.default\">\n\t\t\t\t<div class=\"elementor-widget-container\">\n\t\t\t\t\t\t\t<div class=\"elementor-spacer\">\n\t\t\t<div class=\"elementor-spacer-inner\"><\/div>\n\t\t<\/div>\n\t\t\t\t\t\t<\/div>\n\t\t\t\t<\/div>\n\t\t\t\t\t<\/div>\n\t\t<\/div>\n\t\t\t\t\t<\/div>\n\t\t<\/section>\n\t\t\t\t<section class=\"elementor-section elementor-top-section elementor-element elementor-element-2100a6a elementor-section-boxed elementor-section-height-default elementor-section-height-default\" data-id=\"2100a6a\" data-element_type=\"section\" data-e-type=\"section\" data-settings=\"{&quot;background_background&quot;:&quot;classic&quot;}\">\n\t\t\t\t\t\t<div class=\"elementor-container elementor-column-gap-default\">\n\t\t\t\t\t<div class=\"elementor-column elementor-col-100 elementor-top-column elementor-element elementor-element-4dcabf8\" data-id=\"4dcabf8\" data-element_type=\"column\" data-e-type=\"column\">\n\t\t\t<div class=\"elementor-widget-wrap elementor-element-populated\">\n\t\t\t\t\t\t<div class=\"elementor-element elementor-element-ad49094 elementor-widget elementor-widget-text-editor\" data-id=\"ad49094\" data-element_type=\"widget\" data-e-type=\"widget\" data-widget_type=\"text-editor.default\">\n\t\t\t\t<div class=\"elementor-widget-container\">\n\t\t\t\t\t\t\t\t\t<h3>OPERA<\/h3><p><strong>P. Rameau<\/strong> &#8211; Anacreon (L&#8217;Amour)<br \/><span style=\"font-size: 14px;\"><strong>G.B.Pergolesi<\/strong> &#8211; La Serva padrona (Serpina)<br \/><\/span><strong>Ch. W. Gluck<\/strong> &#8211; Orfeo et Euridice (Amor)<br \/><strong>G.F. H\u00e4ndel<\/strong> &#8211; Alcina (Morgana)<br \/><strong>W. A. Mozart<br \/><\/strong>&#8211; Don Giovanni (Zerlina)<br \/>&#8211; Le nozze di Figaro (Susanna)<br \/>&#8211; Die Zauberfl\u00f4te (Pamina, 1.Dame, Papagena)<br \/>&#8211; Die Entf\u00fahrung aus dem Serail (Blondchen)<br \/>&#8211; Idomeneo (Ilia)<br \/><strong>G. Donizetti<\/strong> &#8211; L&#8216; elisir d&#8217;amore (Adina)<br \/><strong>G. Verdi<\/strong> &#8211; Un ballo in maschera (Oscar), Rigoletto (Gilda)<br \/><strong>G. Bizet<\/strong> &#8211; Carmen (Frasquita)<br \/><strong>L. Jan\u00e1\u010dek<\/strong> &#8211; L\u00ed\u0161ka Bystrou\u0161ka (L\u00ed\u0161ka)<br \/><strong>J. Strauss<\/strong> &#8211; Die Fledermaus (Adela)<br \/><strong>J. Strauss<\/strong> &#8211; Rosenkavalier (Sophie)<\/p><h3>KONCERTN\u00dd REPERTO\u00c1R<\/h3><p><strong>J.Kuhnau<\/strong> &#8211; O Heilige Zeit <br \/><strong>A. Vivaldi<br \/><\/strong>&#8211; Gloria in D RV589\u2028<br \/>&#8211; Dixit Dominus (Sopran I) RV594<br \/>&#8211; Beatus Vir (Sopran I) RV597<br \/>&#8211; Magnificat (Sopran I) RV610<br \/>&#8211; Laudate Pueri R.601 <br \/>&#8211; In furore iustissimae irae RV626<br \/>&#8211; O qui coeli terraeque serenitas RV631\u2028<br \/>\u00a0<strong>J.S.Bach<\/strong> <br \/>&#8211; Kaffeekantate BWV211<br \/>&#8211; Jauchzet Gott in allen Landen BWV51\u00a0\u00a0 <br \/>&#8211; Durchlauchster Leopold BWV173a; <br \/>&#8211; Ich hatte viel Bek\u00fcmmerniss BWV21;\u2028 <br \/>&#8211; Gelobet seist du, Jesu Christ BWV91<br \/>&#8211; Johannes Passion BWV245<br \/>&#8211; Matth\u00e4us Passion BWV244<br \/>\u00a0<strong>G.P.Telemann<\/strong> &#8211; Der j\u00fcngste Tag TWV1:301<br \/>\u00a0<strong>G. F. H\u00e4ndel<\/strong> <br \/>&#8211; Messiah HWV56<br \/>&#8211; Alexander&#8217;s Feast HWV75<br \/>&#8211; No, di voi non vo\u00b4fidarmi (Sopran I) HWV189<br \/>\u00a0<strong>G. B. Pergolesi<\/strong> <br \/>&#8211; Salve regina in C-minor\u2028\u2028<br \/>&#8211; Stabat mater<br \/>\u00a0<strong>J. Haydn<\/strong> &#8211; Die Sch\u00f6pfung<br \/>\u00a0<strong>L. Boccherini<\/strong> &#8211; Stabat Mater\u2028<br \/>\u00a0<strong>W. A. Mozart<\/strong> <br \/>&#8211; Exultate, jubilate KV165<br \/>&#8211; Voi avete un cor fedele KV217<br \/>&#8211; Vorrei spiegarvi, oh Dio! KV418<br \/>&#8211; L&#8217;Amero, saro constante KV208<br \/>&#8211; Missa in C KV317<br \/>&#8211; Missa in c-minor (Sopran I) KV427<br \/>&#8211; Vesperae solenne KV339; <br \/>&#8211; Requiem in D KV626\u2028<br \/>\u00a0<strong>J.N.Hummel<\/strong> &#8211; Der Durchzug durchs Rotes Meer (Israelitin)\u2028\u2028<br \/>\u00a0<strong>J.M. Sperger<\/strong> &#8211; Non t\u00b4avvilir la cura in ES\u2028<br \/>\u00a0<strong>F. Schuber<\/strong> &#8211; Der Hirt auf dem Felsen<br \/>\u00a0<strong>J. Strauss<\/strong> &#8211; Fr\u00fchlingsstimmen Walzer\u2028<br \/>\u00a0<strong>J. Brahms<\/strong> &#8211; Eines Deutsches Requiem\u2028op.45<br \/>\u00a0<strong>L. Delibes<\/strong> &#8211; Le Rossignol\u2028<br \/>\u00a0<strong>G.Faur\u00e9<\/strong> &#8211; Requiem \u2028op.48<br \/>\u00a0<strong>B. Britten<\/strong> &#8211; Rejoice in the lamb\u2028<br \/>\u00a0<strong>C. Orff<\/strong> &#8211; Carmina Burana<\/p>\t\t\t\t\t\t\t\t<\/div>\n\t\t\t\t<\/div>\n\t\t\t\t\t<\/div>\n\t\t<\/div>\n\t\t\t\t\t<\/div>\n\t\t<\/section>\n\t\t\t\t<section class=\"elementor-section elementor-top-section elementor-element elementor-element-262ab15 elementor-section-boxed elementor-section-height-default elementor-section-height-default\" data-id=\"262ab15\" data-element_type=\"section\" data-e-type=\"section\" data-settings=\"{&quot;background_background&quot;:&quot;classic&quot;}\">\n\t\t\t\t\t\t<div class=\"elementor-container elementor-column-gap-default\">\n\t\t\t\t\t<div class=\"elementor-column elementor-col-100 elementor-top-column elementor-element elementor-element-f5686ee\" data-id=\"f5686ee\" data-element_type=\"column\" data-e-type=\"column\">\n\t\t\t<div class=\"elementor-widget-wrap elementor-element-populated\">\n\t\t\t\t\t\t<div class=\"elementor-element elementor-element-252ce9f elementor-widget elementor-widget-spacer\" data-id=\"252ce9f\" data-element_type=\"widget\" data-e-type=\"widget\" data-widget_type=\"spacer.default\">\n\t\t\t\t<div class=\"elementor-widget-container\">\n\t\t\t\t\t\t\t<div class=\"elementor-spacer\">\n\t\t\t<div class=\"elementor-spacer-inner\"><\/div>\n\t\t<\/div>\n\t\t\t\t\t\t<\/div>\n\t\t\t\t<\/div>\n\t\t\t\t\t<\/div>\n\t\t<\/div>\n\t\t\t\t\t<\/div>\n\t\t<\/section>\n\t\t\t\t<section class=\"elementor-section elementor-top-section elementor-element elementor-element-9e061fb elementor-section-boxed elementor-section-height-default elementor-section-height-default\" data-id=\"9e061fb\" data-element_type=\"section\" data-e-type=\"section\">\n\t\t\t\t\t\t<div class=\"elementor-container elementor-column-gap-default\">\n\t\t\t\t\t<div class=\"elementor-column elementor-col-100 elementor-top-column elementor-element elementor-element-5a921cf\" data-id=\"5a921cf\" data-element_type=\"column\" data-e-type=\"column\">\n\t\t\t<div class=\"elementor-widget-wrap elementor-element-populated\">\n\t\t\t\t\t\t<div class=\"elementor-element elementor-element-e22ccc4 elementor-widget elementor-widget-template\" data-id=\"e22ccc4\" data-element_type=\"widget\" data-e-type=\"widget\" data-widget_type=\"template.default\">\n\t\t\t\t<div class=\"elementor-widget-container\">\n\t\t\t\t\t\t\t<div class=\"elementor-template\">\n\t\t\t\t\t<div data-elementor-type=\"section\" data-elementor-id=\"1312\" class=\"elementor elementor-1312\" data-elementor-post-type=\"elementor_library\">\n\t\t\t\t\t<section class=\"elementor-section elementor-top-section elementor-element elementor-element-277aff52 elementor-section-content-middle elementor-section-boxed elementor-section-height-default elementor-section-height-default\" data-id=\"277aff52\" data-element_type=\"section\" data-e-type=\"section\" data-settings=\"{&quot;background_background&quot;:&quot;classic&quot;}\">\n\t\t\t\t\t\t\t<div class=\"elementor-background-overlay\"><\/div>\n\t\t\t\t\t\t\t<div class=\"elementor-container elementor-column-gap-no\">\n\t\t\t\t\t<div class=\"elementor-column elementor-col-33 elementor-top-column elementor-element elementor-element-3836f080\" data-id=\"3836f080\" data-element_type=\"column\" data-e-type=\"column\">\n\t\t\t<div class=\"elementor-widget-wrap elementor-element-populated\">\n\t\t\t\t\t\t<div class=\"elementor-element elementor-element-428fb66e elementor-view-default elementor-position-block-start elementor-mobile-position-block-start elementor-widget elementor-widget-icon-box\" data-id=\"428fb66e\" data-element_type=\"widget\" data-e-type=\"widget\" data-widget_type=\"icon-box.default\">\n\t\t\t\t<div class=\"elementor-widget-container\">\n\t\t\t\t\t\t\t<div class=\"elementor-icon-box-wrapper\">\n\n\t\t\t\t\t\t<div class=\"elementor-icon-box-icon\">\n\t\t\t\t<a href=\"https:\/\/anetaholla.eu\/index.php\/fotogalerie\/\" class=\"elementor-icon elementor-animation-grow\" tabindex=\"-1\" aria-label=\"Fotogal\u00e9rie\">\n\t\t\t\t<i aria-hidden=\"true\" class=\"fas fa-camera\"><\/i>\t\t\t\t<\/a>\n\t\t\t<\/div>\n\t\t\t\n\t\t\t\t\t\t<div class=\"elementor-icon-box-content\">\n\n\t\t\t\t\t\t\t\t\t<h4 class=\"elementor-icon-box-title\">\n\t\t\t\t\t\t<a href=\"https:\/\/anetaholla.eu\/index.php\/fotogalerie\/\" >\n\t\t\t\t\t\t\tFotogal\u00e9rie\t\t\t\t\t\t<\/a>\n\t\t\t\t\t<\/h4>\n\t\t\t\t\n\t\t\t\t\n\t\t\t<\/div>\n\t\t\t\n\t\t<\/div>\n\t\t\t\t\t\t<\/div>\n\t\t\t\t<\/div>\n\t\t\t\t\t<\/div>\n\t\t<\/div>\n\t\t\t\t<div class=\"elementor-column elementor-col-33 elementor-top-column elementor-element elementor-element-171038b8\" data-id=\"171038b8\" data-element_type=\"column\" data-e-type=\"column\">\n\t\t\t<div class=\"elementor-widget-wrap elementor-element-populated\">\n\t\t\t\t\t\t<div class=\"elementor-element elementor-element-2c290863 elementor-view-default elementor-position-block-start elementor-mobile-position-block-start elementor-widget elementor-widget-icon-box\" data-id=\"2c290863\" data-element_type=\"widget\" data-e-type=\"widget\" data-widget_type=\"icon-box.default\">\n\t\t\t\t<div class=\"elementor-widget-container\">\n\t\t\t\t\t\t\t<div class=\"elementor-icon-box-wrapper\">\n\n\t\t\t\t\t\t<div class=\"elementor-icon-box-icon\">\n\t\t\t\t<a href=\"https:\/\/anetaholla.eu\/index.php\/audio-video\/\" class=\"elementor-icon elementor-animation-grow\" tabindex=\"-1\" aria-label=\"Audio\/Video\">\n\t\t\t\t<i aria-hidden=\"true\" class=\"fas fa-video\"><\/i>\t\t\t\t<\/a>\n\t\t\t<\/div>\n\t\t\t\n\t\t\t\t\t\t<div class=\"elementor-icon-box-content\">\n\n\t\t\t\t\t\t\t\t\t<h4 class=\"elementor-icon-box-title\">\n\t\t\t\t\t\t<a href=\"https:\/\/anetaholla.eu\/index.php\/audio-video\/\" >\n\t\t\t\t\t\t\tAudio\/Video\t\t\t\t\t\t<\/a>\n\t\t\t\t\t<\/h4>\n\t\t\t\t\n\t\t\t\t\n\t\t\t<\/div>\n\t\t\t\n\t\t<\/div>\n\t\t\t\t\t\t<\/div>\n\t\t\t\t<\/div>\n\t\t\t\t\t<\/div>\n\t\t<\/div>\n\t\t\t\t<div class=\"elementor-column elementor-col-33 elementor-top-column elementor-element elementor-element-72281f51\" data-id=\"72281f51\" data-element_type=\"column\" data-e-type=\"column\">\n\t\t\t<div class=\"elementor-widget-wrap elementor-element-populated\">\n\t\t\t\t\t\t<div class=\"elementor-element elementor-element-21320e08 elementor-view-default elementor-position-block-start elementor-mobile-position-block-start elementor-widget elementor-widget-icon-box\" data-id=\"21320e08\" data-element_type=\"widget\" data-e-type=\"widget\" data-widget_type=\"icon-box.default\">\n\t\t\t\t<div class=\"elementor-widget-container\">\n\t\t\t\t\t\t\t<div class=\"elementor-icon-box-wrapper\">\n\n\t\t\t\t\t\t<div class=\"elementor-icon-box-icon\">\n\t\t\t\t<a href=\"https:\/\/anetaholla.eu\/index.php\/repertoar\/\" class=\"elementor-icon elementor-animation-grow\" tabindex=\"-1\" aria-label=\"Reperto\u00e1r\">\n\t\t\t\t<i aria-hidden=\"true\" class=\"fas fa-volume-up\"><\/i>\t\t\t\t<\/a>\n\t\t\t<\/div>\n\t\t\t\n\t\t\t\t\t\t<div class=\"elementor-icon-box-content\">\n\n\t\t\t\t\t\t\t\t\t<h4 class=\"elementor-icon-box-title\">\n\t\t\t\t\t\t<a href=\"https:\/\/anetaholla.eu\/index.php\/repertoar\/\" >\n\t\t\t\t\t\t\tReperto\u00e1r\t\t\t\t\t\t<\/a>\n\t\t\t\t\t<\/h4>\n\t\t\t\t\n\t\t\t\t\n\t\t\t<\/div>\n\t\t\t\n\t\t<\/div>\n\t\t\t\t\t\t<\/div>\n\t\t\t\t<\/div>\n\t\t\t\t\t<\/div>\n\t\t<\/div>\n\t\t\t\t\t<\/div>\n\t\t<\/section>\n\t\t\t\t<\/div>\n\t\t\t\t<\/div>\n\t\t\t\t\t\t<\/div>\n\t\t\t\t<\/div>\n\t\t\t\t\t<\/div>\n\t\t<\/div>\n\t\t\t\t\t<\/div>\n\t\t<\/section>\n\t\t\t\t<\/div>\n\t\t","protected":false},"excerpt":{"rendered":"<p>OPERA P. Rameau &#8211; Anacreon (L&#8217;Amour)G.B.Pergolesi &#8211; La Serva padrona (Serpina)Ch. W. Gluck &#8211; Orfeo et Euridice (Amor)G.F. H\u00e4ndel &#8211; Alcina (Morgana)W. A. Mozart&#8211; Don Giovanni (Zerlina)&#8211; Le nozze di Figaro (Susanna)&#8211; Die Zauberfl\u00f4te (Pamina, 1.Dame, Papagena)&#8211; Die Entf\u00fahrung aus dem Serail (Blondchen)&#8211; Idomeneo (Ilia)G. Donizetti &#8211; L&#8216; elisir d&#8217;amore (Adina)G. Verdi &#8211; Un ballo [&hellip;]<\/p>\n","protected":false},"author":3,"featured_media":0,"parent":0,"menu_order":0,"comment_status":"closed","ping_status":"closed","template":"elementor_header_footer","meta":{"h5ap_radio_sources":[],"footnotes":""},"class_list":["post-298","page","type-page","status-publish","hentry","entry"],"_links":{"self":[{"href":"https:\/\/anetaholla.eu\/index.php\/wp-json\/wp\/v2\/pages\/298","targetHints":{"allow":["GET"]}}],"collection":[{"href":"https:\/\/anetaholla.eu\/index.php\/wp-json\/wp\/v2\/pages"}],"about":[{"href":"https:\/\/anetaholla.eu\/index.php\/wp-json\/wp\/v2\/types\/page"}],"author":[{"embeddable":true,"href":"https:\/\/anetaholla.eu\/index.php\/wp-json\/wp\/v2\/users\/3"}],"replies":[{"embeddable":true,"href":"https:\/\/anetaholla.eu\/index.php\/wp-json\/wp\/v2\/comments?post=298"}],"version-history":[{"count":40,"href":"https:\/\/anetaholla.eu\/index.php\/wp-json\/wp\/v2\/pages\/298\/revisions"}],"predecessor-version":[{"id":1338,"href":"https:\/\/anetaholla.eu\/index.php\/wp-json\/wp\/v2\/pages\/298\/revisions\/1338"}],"wp:attachment":[{"href":"https:\/\/anetaholla.eu\/index.php\/wp-json\/wp\/v2\/media?parent=298"}],"curies":[{"name":"wp","href":"https:\/\/api.w.org\/{rel}","templated":true}]}}